{"id":27181,"date":"2025-02-28T08:11:02","date_gmt":"2025-02-28T05:11:02","guid":{"rendered":"https:\/\/novmold.com\/?page_id=27181"},"modified":"2025-05-01T05:41:01","modified_gmt":"2025-05-01T02:41:01","slug":"urunler","status":"publish","type":"page","link":"https:\/\/novmold.com\/en\/urunler\/","title":{"rendered":"Products"},"content":{"rendered":"<div data-elementor-type=\"wp-page\" data-elementor-id=\"27181\" class=\"elementor elementor-27181\">\n\t\t\t\t<div class=\"wd-negative-gap elementor-element elementor-element-5ae54fc5 e-flex e-con-boxed e-con e-child\" data-id=\"5ae54fc5\" data-element_type=\"container\">\n\t\t\t\t\t<div class=\"e-con-inner\">\n\t\t<div class=\"elementor-element elementor-element-7dee9a26 e-con-full e-flex e-con e-child\" data-id=\"7dee9a26\" data-element_type=\"container\">\n\t\t\t\t<div class=\"elementor-element elementor-element-8a6b3c3 ekit-equal-height-enable elementor-widget elementor-widget-elementskit-icon-box\" data-id=\"8a6b3c3\" data-element_type=\"widget\" data-widget_type=\"elementskit-icon-box.default\">\n\t\t\t\t<div class=\"elementor-widget-container\">\n\t\t\t\t\t<div class=\"ekit-wid-con\" >        <!-- link opening -->\n                <a href=\"https:\/\/novmold.com\/en\/urunler\/ilac-arabasi\/\" class=\"ekit_global_links\">\n                <!-- end link opening -->\n\n        <div class=\"elementskit-infobox text-center text- icon-lef-right-aligin elementor-animation-\">\n                            <div class=\"elementskit-box-header\">\n                <div class=\"elementskit-info-box-icon text-center\">\n                    <img decoding=\"async\" width=\"64\" height=\"64\" src=\"https:\/\/novmold.com\/wp-content\/themes\/woodmart\/images\/lazy.svg\" class=\"attachment- size-\" alt=\"\" srcset=\"\" title=\"\">                <\/div>\n          <\/div>\n                <div class=\"box-body\">\n                            <h3 class=\"elementskit-info-box-title\">\n                    \u0130la\u00e7 Arabas\u0131                <\/h3>\n                                            <\/div>\n        \n        \n                <\/div>\n                <\/a>\n        <\/div>\t\t\t\t<\/div>\n\t\t\t\t<\/div>\n\t\t\t\t<\/div>\n\t\t<div class=\"elementor-element elementor-element-5c52bd1e e-con-full e-flex e-con e-child\" data-id=\"5c52bd1e\" data-element_type=\"container\">\n\t\t\t\t<div class=\"elementor-element elementor-element-568ed9bf ekit-equal-height-enable elementor-widget elementor-widget-elementskit-icon-box\" data-id=\"568ed9bf\" data-element_type=\"widget\" data-widget_type=\"elementskit-icon-box.default\">\n\t\t\t\t<div class=\"elementor-widget-container\">\n\t\t\t\t\t<div class=\"ekit-wid-con\" >        <!-- link opening -->\n                <a href=\"https:\/\/novmold.com\/en\/urunler\/ameliyathane-masasi\/\" class=\"ekit_global_links\">\n                <!-- end link opening -->\n\n        <div class=\"elementskit-infobox text-center text- icon-lef-right-aligin elementor-animation-\">\n                            <div class=\"elementskit-box-header\">\n                <div class=\"elementskit-info-box-icon text-center\">\n                    <img decoding=\"async\" width=\"64\" height=\"64\" src=\"https:\/\/novmold.com\/wp-content\/themes\/woodmart\/images\/lazy.svg\" class=\"attachment- size-\" alt=\"\" srcset=\"\" title=\"\">                <\/div>\n          <\/div>\n                <div class=\"box-body\">\n                            <h3 class=\"elementskit-info-box-title\">\n                    Ameliyathane Masas\u0131                <\/h3>\n                                            <\/div>\n        \n        \n                <\/div>\n                <\/a>\n        <\/div>\t\t\t\t<\/div>\n\t\t\t\t<\/div>\n\t\t\t\t<\/div>\n\t\t<div class=\"elementor-element elementor-element-1d472ddf e-con-full e-flex e-con e-child\" data-id=\"1d472ddf\" data-element_type=\"container\">\n\t\t\t\t<div class=\"elementor-element elementor-element-4dba78ec ekit-equal-height-enable elementor-widget elementor-widget-elementskit-icon-box\" data-id=\"4dba78ec\" data-element_type=\"widget\" data-widget_type=\"elementskit-icon-box.default\">\n\t\t\t\t<div class=\"elementor-widget-container\">\n\t\t\t\t\t<div class=\"ekit-wid-con\" >        <!-- link opening -->\n                <a href=\"https:\/\/novmold.com\/en\/urunler\/evde-bakim-yataklari\/\" class=\"ekit_global_links\">\n                <!-- end link opening -->\n\n        <div class=\"elementskit-infobox text-center text- icon-lef-right-aligin elementor-animation-\">\n                            <div class=\"elementskit-box-header\">\n                <div class=\"elementskit-info-box-icon text-center\">\n                    <img decoding=\"async\" width=\"64\" height=\"64\" src=\"https:\/\/novmold.com\/wp-content\/themes\/woodmart\/images\/lazy.svg\" class=\"attachment- size-\" alt=\"\" srcset=\"\" title=\"\">                <\/div>\n          <\/div>\n                <div class=\"box-body\">\n                            <h3 class=\"elementskit-info-box-title\">\n                    Evde Bak\u0131m Yataklar\u0131                <\/h3>\n                                            <\/div>\n        \n        \n                <\/div>\n                <\/a>\n        <\/div>\t\t\t\t<\/div>\n\t\t\t\t<\/div>\n\t\t\t\t<\/div>\n\t\t<div class=\"elementor-element elementor-element-5dfd567b e-con-full e-flex e-con e-child\" data-id=\"5dfd567b\" data-element_type=\"container\">\n\t\t\t\t<div class=\"elementor-element elementor-element-21630bba ekit-equal-height-enable elementor-widget elementor-widget-elementskit-icon-box\" data-id=\"21630bba\" data-element_type=\"widget\" data-widget_type=\"elementskit-icon-box.default\">\n\t\t\t\t<div class=\"elementor-widget-container\">\n\t\t\t\t\t<div class=\"ekit-wid-con\" >        <!-- link opening -->\n                <a href=\"https:\/\/novmold.com\/en\/urunler\/sedye-ve-yataklar\/\" class=\"ekit_global_links\">\n                <!-- end link opening -->\n\n        <div class=\"elementskit-infobox text-center text- icon-lef-right-aligin elementor-animation-\">\n                            <div class=\"elementskit-box-header\">\n                <div class=\"elementskit-info-box-icon text-center\">\n                    <img decoding=\"async\" width=\"64\" height=\"64\" src=\"https:\/\/novmold.com\/wp-content\/themes\/woodmart\/images\/lazy.svg\" class=\"attachment- size-\" alt=\"\" srcset=\"\" title=\"\">                <\/div>\n          <\/div>\n                <div class=\"box-body\">\n                            <h3 class=\"elementskit-info-box-title\">\n                    Sedye ve Yataklar                <\/h3>\n                                            <\/div>\n        \n        \n                <\/div>\n                <\/a>\n        <\/div>\t\t\t\t<\/div>\n\t\t\t\t<\/div>\n\t\t\t\t<\/div>\n\t\t<div class=\"elementor-element elementor-element-c6522a5 e-con-full e-flex e-con e-child\" data-id=\"c6522a5\" data-element_type=\"container\">\n\t\t\t\t<div class=\"elementor-element elementor-element-1fa89a9 ekit-equal-height-enable elementor-widget elementor-widget-elementskit-icon-box\" data-id=\"1fa89a9\" data-element_type=\"widget\" data-widget_type=\"elementskit-icon-box.default\">\n\t\t\t\t<div class=\"elementor-widget-container\">\n\t\t\t\t\t<div class=\"ekit-wid-con\" >        <!-- link opening -->\n                <a href=\"https:\/\/novmold.com\/en\/urunler\/solunum-cihazi\/\" class=\"ekit_global_links\">\n                <!-- end link opening -->\n\n        <div class=\"elementskit-infobox text-center text- icon-lef-right-aligin elementor-animation-\">\n                            <div class=\"elementskit-box-header\">\n                <div class=\"elementskit-info-box-icon text-center\">\n                    <img decoding=\"async\" width=\"64\" height=\"64\" src=\"https:\/\/novmold.com\/wp-content\/themes\/woodmart\/images\/lazy.svg\" class=\"attachment- size-\" alt=\"\" srcset=\"\" title=\"\">                <\/div>\n          <\/div>\n                <div class=\"box-body\">\n                            <h3 class=\"elementskit-info-box-title\">\n                    Respirator                <\/h3>\n                                            <\/div>\n        \n        \n                <\/div>\n                <\/a>\n        <\/div>\t\t\t\t<\/div>\n\t\t\t\t<\/div>\n\t\t\t\t<\/div>\n\t\t<div class=\"elementor-element elementor-element-c536526 e-con-full e-flex e-con e-child\" data-id=\"c536526\" data-element_type=\"container\">\n\t\t\t\t<div class=\"elementor-element elementor-element-d27293f ekit-equal-height-enable elementor-widget elementor-widget-elementskit-icon-box\" data-id=\"d27293f\" data-element_type=\"widget\" data-widget_type=\"elementskit-icon-box.default\">\n\t\t\t\t<div class=\"elementor-widget-container\">\n\t\t\t\t\t<div class=\"ekit-wid-con\" >        <!-- link opening -->\n                <a href=\"https:\/\/novmold.com\/en\/urunler\/yedek-parcalar\/\" class=\"ekit_global_links\">\n                <!-- end link opening -->\n\n        <div class=\"elementskit-infobox text-center text- icon-lef-right-aligin elementor-animation-\">\n                            <div class=\"elementskit-box-header\">\n                <div class=\"elementskit-info-box-icon text-center\">\n                    <img decoding=\"async\" width=\"64\" height=\"64\" src=\"https:\/\/novmold.com\/wp-content\/themes\/woodmart\/images\/lazy.svg\" class=\"attachment- size-\" alt=\"\" srcset=\"\" title=\"\">                <\/div>\n          <\/div>\n                <div class=\"box-body\">\n                            <h3 class=\"elementskit-info-box-title\">\n                    Spare Parts                <\/h3>\n                                            <\/div>\n        \n        \n                <\/div>\n                <\/a>\n        <\/div>\t\t\t\t<\/div>\n\t\t\t\t<\/div>\n\t\t\t\t<\/div>\n\t\t\t\t\t<\/div>\n\t\t\t\t<\/div>\n\t\t\t\t<\/div>","protected":false},"excerpt":{"rendered":"<p>\u0130la\u00e7 Arabas\u0131 Ameliyathane Masas\u0131 Evde Bak\u0131m Yataklar\u0131 Sedye ve Yataklar Solunum Cihaz\u0131 Yedek Par\u00e7alar<\/p>","protected":false},"author":1,"featured_media":0,"parent":0,"menu_order":0,"comment_status":"closed","ping_status":"closed","template":"","meta":{"footnotes":""},"class_list":["post-27181","page","type-page","status-publish","hentry"],"_links":{"self":[{"href":"https:\/\/novmold.com\/en\/wp-json\/wp\/v2\/pages\/27181","targetHints":{"allow":["GET"]}}],"collection":[{"href":"https:\/\/novmold.com\/en\/wp-json\/wp\/v2\/pages"}],"about":[{"href":"https:\/\/novmold.com\/en\/wp-json\/wp\/v2\/types\/page"}],"author":[{"embeddable":true,"href":"https:\/\/novmold.com\/en\/wp-json\/wp\/v2\/users\/1"}],"replies":[{"embeddable":true,"href":"https:\/\/novmold.com\/en\/wp-json\/wp\/v2\/comments?post=27181"}],"version-history":[{"count":0,"href":"https:\/\/novmold.com\/en\/wp-json\/wp\/v2\/pages\/27181\/revisions"}],"wp:attachment":[{"href":"https:\/\/novmold.com\/en\/wp-json\/wp\/v2\/media?parent=27181"}],"curies":[{"name":"wp","href":"https:\/\/api.w.org\/{rel}","templated":true}]}}