{"id":27407,"date":"2025-04-30T19:42:12","date_gmt":"2025-04-30T16:42:12","guid":{"rendered":"https:\/\/novmold.com\/?page_id=27407"},"modified":"2025-05-01T01:13:09","modified_gmt":"2025-04-30T22:13:09","slug":"ilac-arabasi","status":"publish","type":"page","link":"https:\/\/novmold.com\/en\/urunler\/ilac-arabasi\/","title":{"rendered":"\u0130la\u00e7 Arabas\u0131"},"content":{"rendered":"<div data-elementor-type=\"wp-page\" data-elementor-id=\"27407\" class=\"elementor elementor-27407\">\n\t\t\t\t<div class=\"wd-negative-gap elementor-element elementor-element-ce27638 elementor-hidden-tablet elementor-hidden-mobile e-flex e-con-boxed e-con e-parent\" data-id=\"ce27638\" data-element_type=\"container\">\n\t\t\t\t\t<div class=\"e-con-inner\">\n\t\t\t\t<div class=\"elementor-element elementor-element-e1ce46b gallery-spacing-custom elementor-widget elementor-widget-image-gallery\" data-id=\"e1ce46b\" data-element_type=\"widget\" data-widget_type=\"image-gallery.default\">\n\t\t\t\t<div class=\"elementor-widget-container\">\n\t\t\t\t\t\t\t<div class=\"elementor-image-gallery\">\n\t\t\t\n\t\t<style type=\"text\/css\">\n\t\t\t#gallery-1 {\n\t\t\t\tmargin: auto;\n\t\t\t}\n\t\t\t#gallery-1 .gallery-item {\n\t\t\t\tfloat: left;\n\t\t\t\tmargin-top: 10px;\n\t\t\t\ttext-align: center;\n\t\t\t\twidth: 25%;\n\t\t\t}\n\t\t\t#gallery-1 img {\n\t\t\t\tborder: 2px solid #cfcfcf;\n\t\t\t}\n\t\t\t#gallery-1 .gallery-caption {\n\t\t\t\tmargin-left: 0;\n\t\t\t}\n\t\t\t\/* see gallery_shortcode() in wp-includes\/media.php *\/\n\t\t<\/style>\n\t\t<div id='gallery-1' class='gallery galleryid-27407 gallery-columns-4 gallery-size-full'><dl class='gallery-item'>\n\t\t\t<dt class='gallery-icon landscape'>\n\t\t\t\t<a data-elementor-open-lightbox=\"yes\" data-elementor-lightbox-slideshow=\"e1ce46b\" data-elementor-lightbox-title=\"Customized Emergency Trolley\" data-e-action-hash=\"#elementor-action%3Aaction%3Dlightbox%26settings%3DeyJpZCI6Mjc0MDksInVybCI6Imh0dHBzOlwvXC9ub3Ztb2xkLmNvbVwvd3AtY29udGVudFwvdXBsb2Fkc1wvMjAyNVwvMDRcL0N1c3RvbWl6ZWQtRW1lcmdlbmN5LVRyb2xsZXkuanBnIiwic2xpZGVzaG93IjoiZTFjZTQ2YiJ9\" href='https:\/\/novmold.com\/wp-content\/uploads\/2025\/04\/Customized-Emergency-Trolley.jpg'><img fetchpriority=\"high\" decoding=\"async\" width=\"800\" height=\"450\" src=\"https:\/\/novmold.com\/wp-content\/themes\/woodmart\/images\/lazy.svg\" class=\"attachment-full size-full\" alt=\"\" aria-describedby=\"gallery-1-27409\" srcset=\"\" sizes=\"(max-width: 800px) 100vw, 800px\" data-src=\"https:\/\/novmold.com\/wp-content\/uploads\/2025\/04\/Customized-Emergency-Trolley.jpg\" data-srcset=\"https:\/\/novmold.com\/wp-content\/uploads\/2025\/04\/Customized-Emergency-Trolley.jpg 800w, https:\/\/novmold.com\/wp-content\/uploads\/2025\/04\/Customized-Emergency-Trolley-400x225.jpg 400w, https:\/\/novmold.com\/wp-content\/uploads\/2025\/04\/Customized-Emergency-Trolley-768x432.jpg 768w\" title=\"\"><\/a>\n\t\t\t<\/dt>\n\t\t\t\t<dd class='wp-caption-text gallery-caption' id='gallery-1-27409'>\n\t\t\t\tCustomizable Emergency Desk\n\t\t\t\t<\/dd><\/dl>\n\t\t\t<br style='clear: both' \/>\n\t\t<\/div>\n\t\t<\/div>\n\t\t\t\t\t\t<\/div>\n\t\t\t\t<\/div>\n\t\t\t\t\t<\/div>\n\t\t\t\t<\/div>\n\t\t<div class=\"wd-negative-gap elementor-element elementor-element-2580a6a elementor-hidden-desktop e-flex e-con-boxed e-con e-parent\" data-id=\"2580a6a\" data-element_type=\"container\">\n\t\t\t\t\t<div class=\"e-con-inner\">\n\t\t\t\t<div class=\"elementor-element elementor-element-932e152 gallery-spacing-custom elementor-widget elementor-widget-image-gallery\" data-id=\"932e152\" data-element_type=\"widget\" data-widget_type=\"image-gallery.default\">\n\t\t\t\t<div class=\"elementor-widget-container\">\n\t\t\t\t\t\t\t<div class=\"elementor-image-gallery\">\n\t\t\t\n\t\t<style type=\"text\/css\">\n\t\t\t#gallery-2 {\n\t\t\t\tmargin: auto;\n\t\t\t}\n\t\t\t#gallery-2 .gallery-item {\n\t\t\t\tfloat: left;\n\t\t\t\tmargin-top: 10px;\n\t\t\t\ttext-align: center;\n\t\t\t\twidth: 100%;\n\t\t\t}\n\t\t\t#gallery-2 img {\n\t\t\t\tborder: 2px solid #cfcfcf;\n\t\t\t}\n\t\t\t#gallery-2 .gallery-caption {\n\t\t\t\tmargin-left: 0;\n\t\t\t}\n\t\t\t\/* see gallery_shortcode() in wp-includes\/media.php *\/\n\t\t<\/style>\n\t\t<div id='gallery-2' class='gallery galleryid-27407 gallery-columns-1 gallery-size-full'><dl class='gallery-item'>\n\t\t\t<dt class='gallery-icon landscape'>\n\t\t\t\t<a data-elementor-open-lightbox=\"yes\" data-elementor-lightbox-slideshow=\"932e152\" data-elementor-lightbox-title=\"Customized Emergency Trolley\" data-e-action-hash=\"#elementor-action%3Aaction%3Dlightbox%26settings%3DeyJpZCI6Mjc0MDksInVybCI6Imh0dHBzOlwvXC9ub3Ztb2xkLmNvbVwvd3AtY29udGVudFwvdXBsb2Fkc1wvMjAyNVwvMDRcL0N1c3RvbWl6ZWQtRW1lcmdlbmN5LVRyb2xsZXkuanBnIiwic2xpZGVzaG93IjoiOTMyZTE1MiJ9\" href='https:\/\/novmold.com\/wp-content\/uploads\/2025\/04\/Customized-Emergency-Trolley.jpg'><img decoding=\"async\" width=\"800\" height=\"450\" src=\"https:\/\/novmold.com\/wp-content\/themes\/woodmart\/images\/lazy.svg\" class=\"attachment-full size-full\" alt=\"\" aria-describedby=\"gallery-2-27409\" srcset=\"\" sizes=\"(max-width: 800px) 100vw, 800px\" data-src=\"https:\/\/novmold.com\/wp-content\/uploads\/2025\/04\/Customized-Emergency-Trolley.jpg\" data-srcset=\"https:\/\/novmold.com\/wp-content\/uploads\/2025\/04\/Customized-Emergency-Trolley.jpg 800w, https:\/\/novmold.com\/wp-content\/uploads\/2025\/04\/Customized-Emergency-Trolley-400x225.jpg 400w, https:\/\/novmold.com\/wp-content\/uploads\/2025\/04\/Customized-Emergency-Trolley-768x432.jpg 768w\" title=\"\"><\/a>\n\t\t\t<\/dt>\n\t\t\t\t<dd class='wp-caption-text gallery-caption' id='gallery-2-27409'>\n\t\t\t\tCustomizable Emergency Desk\n\t\t\t\t<\/dd><\/dl><br style=\"clear: both\" \/>\n\t\t<\/div>\n\t\t<\/div>\n\t\t\t\t\t\t<\/div>\n\t\t\t\t<\/div>\n\t\t\t\t\t<\/div>\n\t\t\t\t<\/div>\n\t\t\t\t<\/div>","protected":false},"excerpt":{"rendered":"<p>\u00d6zelle\u015ftirilebilir Acil Durum Masas\u0131 \u00d6zelle\u015ftirilebilir Acil Durum Masas\u0131<\/p>","protected":false},"author":1,"featured_media":0,"parent":27181,"menu_order":0,"comment_status":"closed","ping_status":"closed","template":"","meta":{"footnotes":""},"class_list":["post-27407","page","type-page","status-publish","hentry"],"_links":{"self":[{"href":"https:\/\/novmold.com\/en\/wp-json\/wp\/v2\/pages\/27407","targetHints":{"allow":["GET"]}}],"collection":[{"href":"https:\/\/novmold.com\/en\/wp-json\/wp\/v2\/pages"}],"about":[{"href":"https:\/\/novmold.com\/en\/wp-json\/wp\/v2\/types\/page"}],"author":[{"embeddable":true,"href":"https:\/\/novmold.com\/en\/wp-json\/wp\/v2\/users\/1"}],"replies":[{"embeddable":true,"href":"https:\/\/novmold.com\/en\/wp-json\/wp\/v2\/comments?post=27407"}],"version-history":[{"count":0,"href":"https:\/\/novmold.com\/en\/wp-json\/wp\/v2\/pages\/27407\/revisions"}],"up":[{"embeddable":true,"href":"https:\/\/novmold.com\/en\/wp-json\/wp\/v2\/pages\/27181"}],"wp:attachment":[{"href":"https:\/\/novmold.com\/en\/wp-json\/wp\/v2\/media?parent=27407"}],"curies":[{"name":"wp","href":"https:\/\/api.w.org\/{rel}","templated":true}]}}