{"id":27424,"date":"2025-05-01T00:52:46","date_gmt":"2025-04-30T21:52:46","guid":{"rendered":"https:\/\/novmold.com\/?page_id=27424"},"modified":"2025-05-01T01:20:43","modified_gmt":"2025-04-30T22:20:43","slug":"ameliyathane-masasi","status":"publish","type":"page","link":"https:\/\/novmold.com\/en\/urunler\/ameliyathane-masasi\/","title":{"rendered":"Ameliyathane Masas\u0131"},"content":{"rendered":"<div data-elementor-type=\"wp-page\" data-elementor-id=\"27424\" class=\"elementor elementor-27424\">\n\t\t\t\t<div class=\"wd-negative-gap elementor-element elementor-element-ce27638 elementor-hidden-tablet elementor-hidden-mobile e-flex e-con-boxed e-con e-parent\" data-id=\"ce27638\" data-element_type=\"container\">\n\t\t\t\t\t<div class=\"e-con-inner\">\n\t\t\t\t<div class=\"elementor-element elementor-element-e1ce46b gallery-spacing-custom elementor-widget elementor-widget-image-gallery\" data-id=\"e1ce46b\" data-element_type=\"widget\" data-widget_type=\"image-gallery.default\">\n\t\t\t\t<div class=\"elementor-widget-container\">\n\t\t\t\t\t\t\t<div class=\"elementor-image-gallery\">\n\t\t\t\n\t\t<style type=\"text\/css\">\n\t\t\t#gallery-1 {\n\t\t\t\tmargin: auto;\n\t\t\t}\n\t\t\t#gallery-1 .gallery-item {\n\t\t\t\tfloat: left;\n\t\t\t\tmargin-top: 10px;\n\t\t\t\ttext-align: center;\n\t\t\t\twidth: 25%;\n\t\t\t}\n\t\t\t#gallery-1 img {\n\t\t\t\tborder: 2px solid #cfcfcf;\n\t\t\t}\n\t\t\t#gallery-1 .gallery-caption {\n\t\t\t\tmargin-left: 0;\n\t\t\t}\n\t\t\t\/* see gallery_shortcode() in wp-includes\/media.php *\/\n\t\t<\/style>\n\t\t<div id='gallery-1' class='gallery galleryid-27424 gallery-columns-4 gallery-size-full'><dl class='gallery-item'>\n\t\t\t<dt class='gallery-icon landscape'>\n\t\t\t\t<a data-elementor-open-lightbox=\"yes\" data-elementor-lightbox-slideshow=\"e1ce46b\" data-elementor-lightbox-title=\"Operating Table Parts\" data-e-action-hash=\"#elementor-action%3Aaction%3Dlightbox%26settings%3DeyJpZCI6Mjc0MjcsInVybCI6Imh0dHBzOlwvXC9ub3Ztb2xkLmNvbVwvd3AtY29udGVudFwvdXBsb2Fkc1wvMjAyNVwvMDVcL09wZXJhdGluZy1UYWJsZS1QYXJ0cy53ZWJwIiwic2xpZGVzaG93IjoiZTFjZTQ2YiJ9\" href='https:\/\/novmold.com\/wp-content\/uploads\/2025\/05\/Operating-Table-Parts.webp'><img fetchpriority=\"high\" decoding=\"async\" width=\"1500\" height=\"1500\" src=\"https:\/\/novmold.com\/wp-content\/themes\/woodmart\/images\/lazy.svg\" class=\"attachment-full size-full\" alt=\"\" aria-describedby=\"gallery-1-27427\" srcset=\"\" sizes=\"(max-width: 1500px) 100vw, 1500px\" data-src=\"https:\/\/novmold.com\/wp-content\/uploads\/2025\/05\/Operating-Table-Parts.webp\" data-srcset=\"https:\/\/novmold.com\/wp-content\/uploads\/2025\/05\/Operating-Table-Parts.webp 1500w, https:\/\/novmold.com\/wp-content\/uploads\/2025\/05\/Operating-Table-Parts-300x300.webp 300w, https:\/\/novmold.com\/wp-content\/uploads\/2025\/05\/Operating-Table-Parts-800x800.webp 800w, https:\/\/novmold.com\/wp-content\/uploads\/2025\/05\/Operating-Table-Parts-150x150.webp 150w, https:\/\/novmold.com\/wp-content\/uploads\/2025\/05\/Operating-Table-Parts-768x768.webp 768w\" title=\"\"><\/a>\n\t\t\t<\/dt>\n\t\t\t\t<dd class='wp-caption-text gallery-caption' id='gallery-1-27427'>\n\t\t\t\tOperating Table Parts\n\t\t\t\t<\/dd><\/dl><dl class='gallery-item'>\n\t\t\t<dt class='gallery-icon landscape'>\n\t\t\t\t<a data-elementor-open-lightbox=\"yes\" data-elementor-lightbox-slideshow=\"e1ce46b\" data-elementor-lightbox-title=\"Operating Room Light Parts\" data-e-action-hash=\"#elementor-action%3Aaction%3Dlightbox%26settings%3DeyJpZCI6Mjc0MjYsInVybCI6Imh0dHBzOlwvXC9ub3Ztb2xkLmNvbVwvd3AtY29udGVudFwvdXBsb2Fkc1wvMjAyNVwvMDVcL09wZXJhdGluZy1Sb29tLUxpZ2h0LVBhcnRzLndlYnAiLCJzbGlkZXNob3ciOiJlMWNlNDZiIn0%3D\" href='https:\/\/novmold.com\/wp-content\/uploads\/2025\/05\/Operating-Room-Light-Parts.webp'><img decoding=\"async\" width=\"844\" height=\"844\" src=\"https:\/\/novmold.com\/wp-content\/themes\/woodmart\/images\/lazy.svg\" class=\"attachment-full size-full\" alt=\"\" aria-describedby=\"gallery-1-27426\" srcset=\"\" sizes=\"(max-width: 844px) 100vw, 844px\" data-src=\"https:\/\/novmold.com\/wp-content\/uploads\/2025\/05\/Operating-Room-Light-Parts.webp\" data-srcset=\"https:\/\/novmold.com\/wp-content\/uploads\/2025\/05\/Operating-Room-Light-Parts.webp 844w, https:\/\/novmold.com\/wp-content\/uploads\/2025\/05\/Operating-Room-Light-Parts-300x300.webp 300w, https:\/\/novmold.com\/wp-content\/uploads\/2025\/05\/Operating-Room-Light-Parts-800x800.webp 800w, https:\/\/novmold.com\/wp-content\/uploads\/2025\/05\/Operating-Room-Light-Parts-150x150.webp 150w, https:\/\/novmold.com\/wp-content\/uploads\/2025\/05\/Operating-Room-Light-Parts-768x768.webp 768w\" title=\"\"><\/a>\n\t\t\t<\/dt>\n\t\t\t\t<dd class='wp-caption-text gallery-caption' id='gallery-1-27426'>\n\t\t\t\tOperating Room Lighting Fixtures\n\t\t\t\t<\/dd><\/dl>\n\t\t\t<br style='clear: both' \/>\n\t\t<\/div>\n\t\t<\/div>\n\t\t\t\t\t\t<\/div>\n\t\t\t\t<\/div>\n\t\t\t\t\t<\/div>\n\t\t\t\t<\/div>\n\t\t<div class=\"wd-negative-gap elementor-element elementor-element-2580a6a elementor-hidden-desktop e-flex e-con-boxed e-con e-parent\" data-id=\"2580a6a\" data-element_type=\"container\">\n\t\t\t\t\t<div class=\"e-con-inner\">\n\t\t\t\t<div class=\"elementor-element elementor-element-932e152 gallery-spacing-custom elementor-widget elementor-widget-image-gallery\" data-id=\"932e152\" data-element_type=\"widget\" data-widget_type=\"image-gallery.default\">\n\t\t\t\t<div class=\"elementor-widget-container\">\n\t\t\t\t\t\t\t<div class=\"elementor-image-gallery\">\n\t\t\t\n\t\t<style type=\"text\/css\">\n\t\t\t#gallery-2 {\n\t\t\t\tmargin: auto;\n\t\t\t}\n\t\t\t#gallery-2 .gallery-item {\n\t\t\t\tfloat: left;\n\t\t\t\tmargin-top: 10px;\n\t\t\t\ttext-align: center;\n\t\t\t\twidth: 100%;\n\t\t\t}\n\t\t\t#gallery-2 img {\n\t\t\t\tborder: 2px solid #cfcfcf;\n\t\t\t}\n\t\t\t#gallery-2 .gallery-caption {\n\t\t\t\tmargin-left: 0;\n\t\t\t}\n\t\t\t\/* see gallery_shortcode() in wp-includes\/media.php *\/\n\t\t<\/style>\n\t\t<div id='gallery-2' class='gallery galleryid-27424 gallery-columns-1 gallery-size-full'><dl class='gallery-item'>\n\t\t\t<dt class='gallery-icon landscape'>\n\t\t\t\t<a data-elementor-open-lightbox=\"yes\" data-elementor-lightbox-slideshow=\"932e152\" data-elementor-lightbox-title=\"Operating Table Parts\" data-e-action-hash=\"#elementor-action%3Aaction%3Dlightbox%26settings%3DeyJpZCI6Mjc0MjcsInVybCI6Imh0dHBzOlwvXC9ub3Ztb2xkLmNvbVwvd3AtY29udGVudFwvdXBsb2Fkc1wvMjAyNVwvMDVcL09wZXJhdGluZy1UYWJsZS1QYXJ0cy53ZWJwIiwic2xpZGVzaG93IjoiOTMyZTE1MiJ9\" href='https:\/\/novmold.com\/wp-content\/uploads\/2025\/05\/Operating-Table-Parts.webp'><img decoding=\"async\" width=\"1500\" height=\"1500\" src=\"https:\/\/novmold.com\/wp-content\/themes\/woodmart\/images\/lazy.svg\" class=\"attachment-full size-full\" alt=\"\" aria-describedby=\"gallery-2-27427\" srcset=\"\" sizes=\"(max-width: 1500px) 100vw, 1500px\" data-src=\"https:\/\/novmold.com\/wp-content\/uploads\/2025\/05\/Operating-Table-Parts.webp\" data-srcset=\"https:\/\/novmold.com\/wp-content\/uploads\/2025\/05\/Operating-Table-Parts.webp 1500w, https:\/\/novmold.com\/wp-content\/uploads\/2025\/05\/Operating-Table-Parts-300x300.webp 300w, https:\/\/novmold.com\/wp-content\/uploads\/2025\/05\/Operating-Table-Parts-800x800.webp 800w, https:\/\/novmold.com\/wp-content\/uploads\/2025\/05\/Operating-Table-Parts-150x150.webp 150w, https:\/\/novmold.com\/wp-content\/uploads\/2025\/05\/Operating-Table-Parts-768x768.webp 768w\" title=\"\"><\/a>\n\t\t\t<\/dt>\n\t\t\t\t<dd class='wp-caption-text gallery-caption' id='gallery-2-27427'>\n\t\t\t\tOperating Table Parts\n\t\t\t\t<\/dd><\/dl><br style=\"clear: both\" \/><dl class='gallery-item'>\n\t\t\t<dt class='gallery-icon landscape'>\n\t\t\t\t<a data-elementor-open-lightbox=\"yes\" data-elementor-lightbox-slideshow=\"932e152\" data-elementor-lightbox-title=\"Operating Room Light Parts\" data-e-action-hash=\"#elementor-action%3Aaction%3Dlightbox%26settings%3DeyJpZCI6Mjc0MjYsInVybCI6Imh0dHBzOlwvXC9ub3Ztb2xkLmNvbVwvd3AtY29udGVudFwvdXBsb2Fkc1wvMjAyNVwvMDVcL09wZXJhdGluZy1Sb29tLUxpZ2h0LVBhcnRzLndlYnAiLCJzbGlkZXNob3ciOiI5MzJlMTUyIn0%3D\" href='https:\/\/novmold.com\/wp-content\/uploads\/2025\/05\/Operating-Room-Light-Parts.webp'><img loading=\"lazy\" decoding=\"async\" width=\"844\" height=\"844\" src=\"https:\/\/novmold.com\/wp-content\/themes\/woodmart\/images\/lazy.svg\" class=\"attachment-full size-full\" alt=\"\" aria-describedby=\"gallery-2-27426\" srcset=\"\" sizes=\"(max-width: 844px) 100vw, 844px\" data-src=\"https:\/\/novmold.com\/wp-content\/uploads\/2025\/05\/Operating-Room-Light-Parts.webp\" data-srcset=\"https:\/\/novmold.com\/wp-content\/uploads\/2025\/05\/Operating-Room-Light-Parts.webp 844w, https:\/\/novmold.com\/wp-content\/uploads\/2025\/05\/Operating-Room-Light-Parts-300x300.webp 300w, https:\/\/novmold.com\/wp-content\/uploads\/2025\/05\/Operating-Room-Light-Parts-800x800.webp 800w, https:\/\/novmold.com\/wp-content\/uploads\/2025\/05\/Operating-Room-Light-Parts-150x150.webp 150w, https:\/\/novmold.com\/wp-content\/uploads\/2025\/05\/Operating-Room-Light-Parts-768x768.webp 768w\" title=\"\"><\/a>\n\t\t\t<\/dt>\n\t\t\t\t<dd class='wp-caption-text gallery-caption' id='gallery-2-27426'>\n\t\t\t\tOperating Room Lighting Fixtures\n\t\t\t\t<\/dd><\/dl><br style=\"clear: both\" \/>\n\t\t<\/div>\n\t\t<\/div>\n\t\t\t\t\t\t<\/div>\n\t\t\t\t<\/div>\n\t\t\t\t\t<\/div>\n\t\t\t\t<\/div>\n\t\t\t\t<\/div>","protected":false},"excerpt":{"rendered":"<p>Ameliyat Masas\u0131 Par\u00e7alar\u0131 Ameliyathane I\u015f\u0131k Par\u00e7alar\u0131 Ameliyat Masas\u0131 Par\u00e7alar\u0131 Ameliyathane I\u015f\u0131k Par\u00e7alar\u0131<\/p>","protected":false},"author":1,"featured_media":0,"parent":27181,"menu_order":0,"comment_status":"closed","ping_status":"closed","template":"","meta":{"footnotes":""},"class_list":["post-27424","page","type-page","status-publish","hentry"],"_links":{"self":[{"href":"https:\/\/novmold.com\/en\/wp-json\/wp\/v2\/pages\/27424","targetHints":{"allow":["GET"]}}],"collection":[{"href":"https:\/\/novmold.com\/en\/wp-json\/wp\/v2\/pages"}],"about":[{"href":"https:\/\/novmold.com\/en\/wp-json\/wp\/v2\/types\/page"}],"author":[{"embeddable":true,"href":"https:\/\/novmold.com\/en\/wp-json\/wp\/v2\/users\/1"}],"replies":[{"embeddable":true,"href":"https:\/\/novmold.com\/en\/wp-json\/wp\/v2\/comments?post=27424"}],"version-history":[{"count":0,"href":"https:\/\/novmold.com\/en\/wp-json\/wp\/v2\/pages\/27424\/revisions"}],"up":[{"embeddable":true,"href":"https:\/\/novmold.com\/en\/wp-json\/wp\/v2\/pages\/27181"}],"wp:attachment":[{"href":"https:\/\/novmold.com\/en\/wp-json\/wp\/v2\/media?parent=27424"}],"curies":[{"name":"wp","href":"https:\/\/api.w.org\/{rel}","templated":true}]}}