{"id":27437,"date":"2025-05-01T00:59:09","date_gmt":"2025-04-30T21:59:09","guid":{"rendered":"https:\/\/novmold.com\/?page_id=27437"},"modified":"2025-08-02T02:38:54","modified_gmt":"2025-08-01T23:38:54","slug":"novmold-yatak-modelleri","status":"publish","type":"page","link":"https:\/\/novmold.com\/en\/urunler\/novmold-yatak-modelleri\/","title":{"rendered":"Novmold Bed Models"},"content":{"rendered":"<div data-elementor-type=\"wp-page\" data-elementor-id=\"27437\" class=\"elementor elementor-27437\">\n\t\t\t\t<div class=\"wd-negative-gap elementor-element elementor-element-ce27638 elementor-hidden-tablet elementor-hidden-mobile e-flex e-con-boxed e-con e-parent\" data-id=\"ce27638\" data-element_type=\"container\">\n\t\t\t\t\t<div class=\"e-con-inner\">\n\t\t\t\t<div class=\"elementor-element elementor-element-e1ce46b gallery-spacing-custom elementor-widget elementor-widget-image-gallery\" data-id=\"e1ce46b\" data-element_type=\"widget\" data-widget_type=\"image-gallery.default\">\n\t\t\t\t<div class=\"elementor-widget-container\">\n\t\t\t\t\t\t\t<div class=\"elementor-image-gallery\">\n\t\t\t\n\t\t<style type=\"text\/css\">\n\t\t\t#gallery-1 {\n\t\t\t\tmargin: auto;\n\t\t\t}\n\t\t\t#gallery-1 .gallery-item {\n\t\t\t\tfloat: left;\n\t\t\t\tmargin-top: 10px;\n\t\t\t\ttext-align: center;\n\t\t\t\twidth: 25%;\n\t\t\t}\n\t\t\t#gallery-1 img {\n\t\t\t\tborder: 2px solid #cfcfcf;\n\t\t\t}\n\t\t\t#gallery-1 .gallery-caption {\n\t\t\t\tmargin-left: 0;\n\t\t\t}\n\t\t\t\/* see gallery_shortcode() in wp-includes\/media.php *\/\n\t\t<\/style>\n\t\t<div id='gallery-1' class='gallery galleryid-27437 gallery-columns-4 gallery-size-full'><dl class='gallery-item'>\n\t\t\t<dt class='gallery-icon landscape'>\n\t\t\t\t<a data-elementor-open-lightbox=\"yes\" data-elementor-lightbox-slideshow=\"e1ce46b\" data-elementor-lightbox-title=\"yatak2\" data-e-action-hash=\"#elementor-action%3Aaction%3Dlightbox%26settings%3DeyJpZCI6Mjc0NDQsInVybCI6Imh0dHBzOlwvXC9ub3Ztb2xkLmNvbVwvd3AtY29udGVudFwvdXBsb2Fkc1wvMjAyNVwvMDVcL3lhdGFrMi5qcGciLCJzbGlkZXNob3ciOiJlMWNlNDZiIn0%3D\" href='https:\/\/novmold.com\/wp-content\/uploads\/2025\/05\/yatak2.jpg'><img fetchpriority=\"high\" decoding=\"async\" width=\"800\" height=\"600\" src=\"https:\/\/novmold.com\/wp-content\/themes\/woodmart\/images\/lazy.svg\" class=\"attachment-full size-full\" alt=\"\" aria-describedby=\"gallery-1-27444\" srcset=\"\" sizes=\"(max-width: 800px) 100vw, 800px\" data-src=\"https:\/\/novmold.com\/wp-content\/uploads\/2025\/05\/yatak2.jpg\" data-srcset=\"https:\/\/novmold.com\/wp-content\/uploads\/2025\/05\/yatak2.jpg 800w, https:\/\/novmold.com\/wp-content\/uploads\/2025\/05\/yatak2-400x300.jpg 400w, https:\/\/novmold.com\/wp-content\/uploads\/2025\/05\/yatak2-768x576.jpg 768w\" title=\"\"><\/a>\n\t\t\t<\/dt>\n\t\t\t\t<dd class='wp-caption-text gallery-caption' id='gallery-1-27444'>\n\t\t\t\tHome Care Bed 1\n\t\t\t\t<\/dd><\/dl><dl class='gallery-item'>\n\t\t\t<dt class='gallery-icon landscape'>\n\t\t\t\t<a data-elementor-open-lightbox=\"yes\" data-elementor-lightbox-slideshow=\"e1ce46b\" data-elementor-lightbox-title=\"Homecare Bed ABS Surface\" data-e-action-hash=\"#elementor-action%3Aaction%3Dlightbox%26settings%3DeyJpZCI6Mjc0NDAsInVybCI6Imh0dHBzOlwvXC9ub3Ztb2xkLmNvbVwvd3AtY29udGVudFwvdXBsb2Fkc1wvMjAyNVwvMDVcL0hvbWVjYXJlLUJlZC1BQlMtU3VyZmFjZS5qcGciLCJzbGlkZXNob3ciOiJlMWNlNDZiIn0%3D\" href='https:\/\/novmold.com\/wp-content\/uploads\/2025\/05\/Homecare-Bed-ABS-Surface.jpg'><img decoding=\"async\" width=\"800\" height=\"600\" src=\"https:\/\/novmold.com\/wp-content\/themes\/woodmart\/images\/lazy.svg\" class=\"attachment-full size-full\" alt=\"\" aria-describedby=\"gallery-1-27440\" srcset=\"\" sizes=\"(max-width: 800px) 100vw, 800px\" data-src=\"https:\/\/novmold.com\/wp-content\/uploads\/2025\/05\/Homecare-Bed-ABS-Surface.jpg\" data-srcset=\"https:\/\/novmold.com\/wp-content\/uploads\/2025\/05\/Homecare-Bed-ABS-Surface.jpg 800w, https:\/\/novmold.com\/wp-content\/uploads\/2025\/05\/Homecare-Bed-ABS-Surface-400x300.jpg 400w, https:\/\/novmold.com\/wp-content\/uploads\/2025\/05\/Homecare-Bed-ABS-Surface-768x576.jpg 768w\" title=\"\"><\/a>\n\t\t\t<\/dt>\n\t\t\t\t<dd class='wp-caption-text gallery-caption' id='gallery-1-27440'>\n\t\t\t\tHome Care Bed 2\n\t\t\t\t<\/dd><\/dl><dl class='gallery-item'>\n\t\t\t<dt class='gallery-icon landscape'>\n\t\t\t\t<a data-elementor-open-lightbox=\"yes\" data-elementor-lightbox-slideshow=\"e1ce46b\" data-elementor-lightbox-title=\"Homecare Bed\" data-e-action-hash=\"#elementor-action%3Aaction%3Dlightbox%26settings%3DeyJpZCI6Mjc0NDEsInVybCI6Imh0dHBzOlwvXC9ub3Ztb2xkLmNvbVwvd3AtY29udGVudFwvdXBsb2Fkc1wvMjAyNVwvMDVcL0hvbWVjYXJlLUJlZC5qcGciLCJzbGlkZXNob3ciOiJlMWNlNDZiIn0%3D\" href='https:\/\/novmold.com\/wp-content\/uploads\/2025\/05\/Homecare-Bed.jpg'><img decoding=\"async\" width=\"800\" height=\"600\" src=\"https:\/\/novmold.com\/wp-content\/themes\/woodmart\/images\/lazy.svg\" class=\"attachment-full size-full\" alt=\"\" aria-describedby=\"gallery-1-27441\" srcset=\"\" sizes=\"(max-width: 800px) 100vw, 800px\" data-src=\"https:\/\/novmold.com\/wp-content\/uploads\/2025\/05\/Homecare-Bed.jpg\" data-srcset=\"https:\/\/novmold.com\/wp-content\/uploads\/2025\/05\/Homecare-Bed.jpg 800w, https:\/\/novmold.com\/wp-content\/uploads\/2025\/05\/Homecare-Bed-400x300.jpg 400w, https:\/\/novmold.com\/wp-content\/uploads\/2025\/05\/Homecare-Bed-768x576.jpg 768w\" title=\"\"><\/a>\n\t\t\t<\/dt>\n\t\t\t\t<dd class='wp-caption-text gallery-caption' id='gallery-1-27441'>\n\t\t\t\tHome Care Bed 3\n\t\t\t\t<\/dd><\/dl><dl class='gallery-item'>\n\t\t\t<dt class='gallery-icon landscape'>\n\t\t\t\t<a data-elementor-open-lightbox=\"yes\" data-elementor-lightbox-slideshow=\"e1ce46b\" data-elementor-lightbox-title=\"yatak1\" data-e-action-hash=\"#elementor-action%3Aaction%3Dlightbox%26settings%3DeyJpZCI6Mjc0NDUsInVybCI6Imh0dHBzOlwvXC9ub3Ztb2xkLmNvbVwvd3AtY29udGVudFwvdXBsb2Fkc1wvMjAyNVwvMDVcL3lhdGFrMS5qcGciLCJzbGlkZXNob3ciOiJlMWNlNDZiIn0%3D\" href='https:\/\/novmold.com\/wp-content\/uploads\/2025\/05\/yatak1.jpg'><img loading=\"lazy\" decoding=\"async\" width=\"800\" height=\"600\" src=\"https:\/\/novmold.com\/wp-content\/themes\/woodmart\/images\/lazy.svg\" class=\"attachment-full size-full\" alt=\"\" aria-describedby=\"gallery-1-27445\" srcset=\"\" sizes=\"(max-width: 800px) 100vw, 800px\" data-src=\"https:\/\/novmold.com\/wp-content\/uploads\/2025\/05\/yatak1.jpg\" data-srcset=\"https:\/\/novmold.com\/wp-content\/uploads\/2025\/05\/yatak1.jpg 800w, https:\/\/novmold.com\/wp-content\/uploads\/2025\/05\/yatak1-400x300.jpg 400w, https:\/\/novmold.com\/wp-content\/uploads\/2025\/05\/yatak1-768x576.jpg 768w\" title=\"\"><\/a>\n\t\t\t<\/dt>\n\t\t\t\t<dd class='wp-caption-text gallery-caption' id='gallery-1-27445'>\n\t\t\t\tHome Care Bed 4\n\t\t\t\t<\/dd><\/dl><br style=\"clear: both\" \/><dl class='gallery-item'>\n\t\t\t<dt class='gallery-icon landscape'>\n\t\t\t\t<a data-elementor-open-lightbox=\"yes\" data-elementor-lightbox-slideshow=\"e1ce46b\" data-elementor-lightbox-title=\"sedyeyatak4\" data-e-action-hash=\"#elementor-action%3Aaction%3Dlightbox%26settings%3DeyJpZCI6Mjc0NjAsInVybCI6Imh0dHBzOlwvXC9ub3Ztb2xkLmNvbVwvd3AtY29udGVudFwvdXBsb2Fkc1wvMjAyNVwvMDVcL3NlZHlleWF0YWs0LmpwZyIsInNsaWRlc2hvdyI6ImUxY2U0NmIifQ%3D%3D\" href='https:\/\/novmold.com\/wp-content\/uploads\/2025\/05\/sedyeyatak4.jpg'><img loading=\"lazy\" decoding=\"async\" width=\"800\" height=\"600\" src=\"https:\/\/novmold.com\/wp-content\/themes\/woodmart\/images\/lazy.svg\" class=\"attachment-full size-full\" alt=\"\" aria-describedby=\"gallery-1-27460\" srcset=\"\" sizes=\"(max-width: 800px) 100vw, 800px\" data-src=\"https:\/\/novmold.com\/wp-content\/uploads\/2025\/05\/sedyeyatak4.jpg\" data-srcset=\"https:\/\/novmold.com\/wp-content\/uploads\/2025\/05\/sedyeyatak4.jpg 800w, https:\/\/novmold.com\/wp-content\/uploads\/2025\/05\/sedyeyatak4-400x300.jpg 400w, https:\/\/novmold.com\/wp-content\/uploads\/2025\/05\/sedyeyatak4-768x576.jpg 768w\" title=\"\"><\/a>\n\t\t\t<\/dt>\n\t\t\t\t<dd class='wp-caption-text gallery-caption' id='gallery-1-27460'>\n\t\t\t\tNovmold Hospital Bed 2\n\t\t\t\t<\/dd><\/dl>\n\t\t\t<br style='clear: both' \/>\n\t\t<\/div>\n\t\t<\/div>\n\t\t\t\t\t\t<\/div>\n\t\t\t\t<\/div>\n\t\t\t\t\t<\/div>\n\t\t\t\t<\/div>\n\t\t<div class=\"wd-negative-gap elementor-element elementor-element-2580a6a elementor-hidden-desktop e-flex e-con-boxed e-con e-parent\" data-id=\"2580a6a\" data-element_type=\"container\">\n\t\t\t\t\t<div class=\"e-con-inner\">\n\t\t\t\t<div class=\"elementor-element elementor-element-932e152 gallery-spacing-custom elementor-widget elementor-widget-image-gallery\" data-id=\"932e152\" data-element_type=\"widget\" data-widget_type=\"image-gallery.default\">\n\t\t\t\t<div class=\"elementor-widget-container\">\n\t\t\t\t\t\t\t<div class=\"elementor-image-gallery\">\n\t\t\t\n\t\t<style type=\"text\/css\">\n\t\t\t#gallery-2 {\n\t\t\t\tmargin: auto;\n\t\t\t}\n\t\t\t#gallery-2 .gallery-item {\n\t\t\t\tfloat: left;\n\t\t\t\tmargin-top: 10px;\n\t\t\t\ttext-align: center;\n\t\t\t\twidth: 100%;\n\t\t\t}\n\t\t\t#gallery-2 img {\n\t\t\t\tborder: 2px solid #cfcfcf;\n\t\t\t}\n\t\t\t#gallery-2 .gallery-caption {\n\t\t\t\tmargin-left: 0;\n\t\t\t}\n\t\t\t\/* see gallery_shortcode() in wp-includes\/media.php *\/\n\t\t<\/style>\n\t\t<div id='gallery-2' class='gallery galleryid-27437 gallery-columns-1 gallery-size-full'><dl class='gallery-item'>\n\t\t\t<dt class='gallery-icon landscape'>\n\t\t\t\t<a data-elementor-open-lightbox=\"yes\" data-elementor-lightbox-slideshow=\"932e152\" data-elementor-lightbox-title=\"yatak2\" data-e-action-hash=\"#elementor-action%3Aaction%3Dlightbox%26settings%3DeyJpZCI6Mjc0NDQsInVybCI6Imh0dHBzOlwvXC9ub3Ztb2xkLmNvbVwvd3AtY29udGVudFwvdXBsb2Fkc1wvMjAyNVwvMDVcL3lhdGFrMi5qcGciLCJzbGlkZXNob3ciOiI5MzJlMTUyIn0%3D\" href='https:\/\/novmold.com\/wp-content\/uploads\/2025\/05\/yatak2.jpg'><img loading=\"lazy\" decoding=\"async\" width=\"800\" height=\"600\" src=\"https:\/\/novmold.com\/wp-content\/themes\/woodmart\/images\/lazy.svg\" class=\"attachment-full size-full\" alt=\"\" aria-describedby=\"gallery-2-27444\" srcset=\"\" sizes=\"(max-width: 800px) 100vw, 800px\" data-src=\"https:\/\/novmold.com\/wp-content\/uploads\/2025\/05\/yatak2.jpg\" data-srcset=\"https:\/\/novmold.com\/wp-content\/uploads\/2025\/05\/yatak2.jpg 800w, https:\/\/novmold.com\/wp-content\/uploads\/2025\/05\/yatak2-400x300.jpg 400w, https:\/\/novmold.com\/wp-content\/uploads\/2025\/05\/yatak2-768x576.jpg 768w\" title=\"\"><\/a>\n\t\t\t<\/dt>\n\t\t\t\t<dd class='wp-caption-text gallery-caption' id='gallery-2-27444'>\n\t\t\t\tHome Care Bed 1\n\t\t\t\t<\/dd><\/dl><br style=\"clear: both\" \/><dl class='gallery-item'>\n\t\t\t<dt class='gallery-icon landscape'>\n\t\t\t\t<a data-elementor-open-lightbox=\"yes\" data-elementor-lightbox-slideshow=\"932e152\" data-elementor-lightbox-title=\"Homecare Bed ABS Surface\" data-e-action-hash=\"#elementor-action%3Aaction%3Dlightbox%26settings%3DeyJpZCI6Mjc0NDAsInVybCI6Imh0dHBzOlwvXC9ub3Ztb2xkLmNvbVwvd3AtY29udGVudFwvdXBsb2Fkc1wvMjAyNVwvMDVcL0hvbWVjYXJlLUJlZC1BQlMtU3VyZmFjZS5qcGciLCJzbGlkZXNob3ciOiI5MzJlMTUyIn0%3D\" href='https:\/\/novmold.com\/wp-content\/uploads\/2025\/05\/Homecare-Bed-ABS-Surface.jpg'><img loading=\"lazy\" decoding=\"async\" width=\"800\" height=\"600\" src=\"https:\/\/novmold.com\/wp-content\/themes\/woodmart\/images\/lazy.svg\" class=\"attachment-full size-full\" alt=\"\" aria-describedby=\"gallery-2-27440\" srcset=\"\" sizes=\"(max-width: 800px) 100vw, 800px\" data-src=\"https:\/\/novmold.com\/wp-content\/uploads\/2025\/05\/Homecare-Bed-ABS-Surface.jpg\" data-srcset=\"https:\/\/novmold.com\/wp-content\/uploads\/2025\/05\/Homecare-Bed-ABS-Surface.jpg 800w, https:\/\/novmold.com\/wp-content\/uploads\/2025\/05\/Homecare-Bed-ABS-Surface-400x300.jpg 400w, https:\/\/novmold.com\/wp-content\/uploads\/2025\/05\/Homecare-Bed-ABS-Surface-768x576.jpg 768w\" title=\"\"><\/a>\n\t\t\t<\/dt>\n\t\t\t\t<dd class='wp-caption-text gallery-caption' id='gallery-2-27440'>\n\t\t\t\tHome Care Bed 2\n\t\t\t\t<\/dd><\/dl><br style=\"clear: both\" \/><dl class='gallery-item'>\n\t\t\t<dt class='gallery-icon landscape'>\n\t\t\t\t<a data-elementor-open-lightbox=\"yes\" data-elementor-lightbox-slideshow=\"932e152\" data-elementor-lightbox-title=\"Homecare Bed\" data-e-action-hash=\"#elementor-action%3Aaction%3Dlightbox%26settings%3DeyJpZCI6Mjc0NDEsInVybCI6Imh0dHBzOlwvXC9ub3Ztb2xkLmNvbVwvd3AtY29udGVudFwvdXBsb2Fkc1wvMjAyNVwvMDVcL0hvbWVjYXJlLUJlZC5qcGciLCJzbGlkZXNob3ciOiI5MzJlMTUyIn0%3D\" href='https:\/\/novmold.com\/wp-content\/uploads\/2025\/05\/Homecare-Bed.jpg'><img loading=\"lazy\" decoding=\"async\" width=\"800\" height=\"600\" src=\"https:\/\/novmold.com\/wp-content\/themes\/woodmart\/images\/lazy.svg\" class=\"attachment-full size-full\" alt=\"\" aria-describedby=\"gallery-2-27441\" srcset=\"\" sizes=\"(max-width: 800px) 100vw, 800px\" data-src=\"https:\/\/novmold.com\/wp-content\/uploads\/2025\/05\/Homecare-Bed.jpg\" data-srcset=\"https:\/\/novmold.com\/wp-content\/uploads\/2025\/05\/Homecare-Bed.jpg 800w, https:\/\/novmold.com\/wp-content\/uploads\/2025\/05\/Homecare-Bed-400x300.jpg 400w, https:\/\/novmold.com\/wp-content\/uploads\/2025\/05\/Homecare-Bed-768x576.jpg 768w\" title=\"\"><\/a>\n\t\t\t<\/dt>\n\t\t\t\t<dd class='wp-caption-text gallery-caption' id='gallery-2-27441'>\n\t\t\t\tHome Care Bed 3\n\t\t\t\t<\/dd><\/dl><br style=\"clear: both\" \/><dl class='gallery-item'>\n\t\t\t<dt class='gallery-icon landscape'>\n\t\t\t\t<a data-elementor-open-lightbox=\"yes\" data-elementor-lightbox-slideshow=\"932e152\" data-elementor-lightbox-title=\"yatak1\" data-e-action-hash=\"#elementor-action%3Aaction%3Dlightbox%26settings%3DeyJpZCI6Mjc0NDUsInVybCI6Imh0dHBzOlwvXC9ub3Ztb2xkLmNvbVwvd3AtY29udGVudFwvdXBsb2Fkc1wvMjAyNVwvMDVcL3lhdGFrMS5qcGciLCJzbGlkZXNob3ciOiI5MzJlMTUyIn0%3D\" href='https:\/\/novmold.com\/wp-content\/uploads\/2025\/05\/yatak1.jpg'><img loading=\"lazy\" decoding=\"async\" width=\"800\" height=\"600\" src=\"https:\/\/novmold.com\/wp-content\/themes\/woodmart\/images\/lazy.svg\" class=\"attachment-full size-full\" alt=\"\" aria-describedby=\"gallery-2-27445\" srcset=\"\" sizes=\"(max-width: 800px) 100vw, 800px\" data-src=\"https:\/\/novmold.com\/wp-content\/uploads\/2025\/05\/yatak1.jpg\" data-srcset=\"https:\/\/novmold.com\/wp-content\/uploads\/2025\/05\/yatak1.jpg 800w, https:\/\/novmold.com\/wp-content\/uploads\/2025\/05\/yatak1-400x300.jpg 400w, https:\/\/novmold.com\/wp-content\/uploads\/2025\/05\/yatak1-768x576.jpg 768w\" title=\"\"><\/a>\n\t\t\t<\/dt>\n\t\t\t\t<dd class='wp-caption-text gallery-caption' id='gallery-2-27445'>\n\t\t\t\tHome Care Bed 4\n\t\t\t\t<\/dd><\/dl><br style=\"clear: both\" \/>\n\t\t<\/div>\n\t\t<\/div>\n\t\t\t\t\t\t<\/div>\n\t\t\t\t<\/div>\n\t\t\t\t\t<\/div>\n\t\t\t\t<\/div>\n\t\t\t\t<\/div>","protected":false},"excerpt":{"rendered":"<p>Evde Bak\u0131m Yata\u011f\u0131 1 Evde Bak\u0131m Yata\u011f\u0131 2 Evde Bak\u0131m Yata\u011f\u0131 3 Evde Bak\u0131m Yata\u011f\u0131 4 Novmold Hastane Yata\u011f\u0131 2<\/p>","protected":false},"author":1,"featured_media":0,"parent":27181,"menu_order":0,"comment_status":"closed","ping_status":"closed","template":"","meta":{"footnotes":""},"class_list":["post-27437","page","type-page","status-publish","hentry"],"_links":{"self":[{"href":"https:\/\/novmold.com\/en\/wp-json\/wp\/v2\/pages\/27437","targetHints":{"allow":["GET"]}}],"collection":[{"href":"https:\/\/novmold.com\/en\/wp-json\/wp\/v2\/pages"}],"about":[{"href":"https:\/\/novmold.com\/en\/wp-json\/wp\/v2\/types\/page"}],"author":[{"embeddable":true,"href":"https:\/\/novmold.com\/en\/wp-json\/wp\/v2\/users\/1"}],"replies":[{"embeddable":true,"href":"https:\/\/novmold.com\/en\/wp-json\/wp\/v2\/comments?post=27437"}],"version-history":[{"count":0,"href":"https:\/\/novmold.com\/en\/wp-json\/wp\/v2\/pages\/27437\/revisions"}],"up":[{"embeddable":true,"href":"https:\/\/novmold.com\/en\/wp-json\/wp\/v2\/pages\/27181"}],"wp:attachment":[{"href":"https:\/\/novmold.com\/en\/wp-json\/wp\/v2\/media?parent=27437"}],"curies":[{"name":"wp","href":"https:\/\/api.w.org\/{rel}","templated":true}]}}