{"id":27458,"date":"2025-05-01T01:22:19","date_gmt":"2025-04-30T22:22:19","guid":{"rendered":"https:\/\/novmold.com\/?page_id=27458"},"modified":"2025-05-01T01:43:32","modified_gmt":"2025-04-30T22:43:32","slug":"sedye-ve-yataklar","status":"publish","type":"page","link":"https:\/\/novmold.com\/en\/urunler\/sedye-ve-yataklar\/","title":{"rendered":"Sedye ve Yataklar"},"content":{"rendered":"<div data-elementor-type=\"wp-page\" data-elementor-id=\"27458\" class=\"elementor elementor-27458\">\n\t\t\t\t<div class=\"wd-negative-gap elementor-element elementor-element-ce27638 elementor-hidden-tablet elementor-hidden-mobile e-flex e-con-boxed e-con e-parent\" data-id=\"ce27638\" data-element_type=\"container\">\n\t\t\t\t\t<div class=\"e-con-inner\">\n\t\t\t\t<div class=\"elementor-element elementor-element-e1ce46b gallery-spacing-custom elementor-widget elementor-widget-image-gallery\" data-id=\"e1ce46b\" data-element_type=\"widget\" data-widget_type=\"image-gallery.default\">\n\t\t\t\t<div class=\"elementor-widget-container\">\n\t\t\t\t\t\t\t<div class=\"elementor-image-gallery\">\n\t\t\t\t\t<\/div>\n\t\t\t\t\t\t<\/div>\n\t\t\t\t<\/div>\n\t\t\t\t\t<\/div>\n\t\t\t\t<\/div>\n\t\t<div class=\"wd-negative-gap elementor-element elementor-element-2580a6a elementor-hidden-desktop e-flex e-con-boxed e-con e-parent\" data-id=\"2580a6a\" data-element_type=\"container\">\n\t\t\t\t\t<div class=\"e-con-inner\">\n\t\t\t\t<div class=\"elementor-element elementor-element-932e152 gallery-spacing-custom elementor-widget elementor-widget-image-gallery\" data-id=\"932e152\" data-element_type=\"widget\" data-widget_type=\"image-gallery.default\">\n\t\t\t\t<div class=\"elementor-widget-container\">\n\t\t\t\t\t\t\t<div class=\"elementor-image-gallery\">\n\t\t\t\t\t<\/div>\n\t\t\t\t\t\t<\/div>\n\t\t\t\t<\/div>\n\t\t\t\t\t<\/div>\n\t\t\t\t<\/div>\n\t\t\t\t<\/div>","protected":false},"excerpt":{"rendered":"<p>\u00d6zelle\u015ftirilmi\u015f Hastane Yata\u011f\u0131 \u00d6zelle\u015ftirilmi\u015f Ta\u015f\u0131ma Sedyesi Medikal Tekerlekli Sandalye Novmold Hastane Yata\u011f\u0131 2 \u00d6zelle\u015ftirilmi\u015f Hastane Yata\u011f\u0131 \u00d6zelle\u015ftirilmi\u015f Ta\u015f\u0131ma Sedyesi Medikal<\/p>","protected":false},"author":1,"featured_media":0,"parent":27181,"menu_order":0,"comment_status":"closed","ping_status":"closed","template":"","meta":{"footnotes":""},"class_list":["post-27458","page","type-page","status-publish","hentry"],"_links":{"self":[{"href":"https:\/\/novmold.com\/en\/wp-json\/wp\/v2\/pages\/27458","targetHints":{"allow":["GET"]}}],"collection":[{"href":"https:\/\/novmold.com\/en\/wp-json\/wp\/v2\/pages"}],"about":[{"href":"https:\/\/novmold.com\/en\/wp-json\/wp\/v2\/types\/page"}],"author":[{"embeddable":true,"href":"https:\/\/novmold.com\/en\/wp-json\/wp\/v2\/users\/1"}],"replies":[{"embeddable":true,"href":"https:\/\/novmold.com\/en\/wp-json\/wp\/v2\/comments?post=27458"}],"version-history":[{"count":0,"href":"https:\/\/novmold.com\/en\/wp-json\/wp\/v2\/pages\/27458\/revisions"}],"up":[{"embeddable":true,"href":"https:\/\/novmold.com\/en\/wp-json\/wp\/v2\/pages\/27181"}],"wp:attachment":[{"href":"https:\/\/novmold.com\/en\/wp-json\/wp\/v2\/media?parent=27458"}],"curies":[{"name":"wp","href":"https:\/\/api.w.org\/{rel}","templated":true}]}}