{"id":4400,"date":"2021-10-12T15:51:09","date_gmt":"2021-10-12T15:51:09","guid":{"rendered":"http:\/\/dummy.xtemos.com\/woodmart2\/elementor\/?page_id=4400"},"modified":"2025-03-01T23:20:21","modified_gmt":"2025-03-01T20:20:21","slug":"hakkimizda","status":"publish","type":"page","link":"https:\/\/novmold.com\/en\/hakkimizda\/","title":{"rendered":"About Us"},"content":{"rendered":"<div data-elementor-type=\"wp-page\" data-elementor-id=\"4400\" class=\"elementor elementor-4400\">\n\t\t\t\t<div class=\"wd-negative-gap elementor-element elementor-element-7c7c544 e-flex e-con-boxed e-con e-parent\" data-id=\"7c7c544\" data-element_type=\"container\">\n\t\t\t\t\t<div class=\"e-con-inner\">\n\t\t<div class=\"elementor-element elementor-element-97d6084 e-con-full e-flex e-con e-child\" data-id=\"97d6084\" data-element_type=\"container\">\n\t\t\t\t<div class=\"elementor-element elementor-element-98d830b wd-width-100 elementor-widget elementor-widget-wd_title\" data-id=\"98d830b\" data-element_type=\"widget\" data-widget_type=\"wd_title.default\">\n\t\t\t\t<div class=\"elementor-widget-container\">\n\t\t\t\t\t\t\t<div class=\"title-wrapper wd-set-mb reset-last-child wd-title-color-primary wd-title-style-default wd-title-size-large text-left\">\n\n\t\t\t\n\t\t\t<div class=\"liner-continer\">\n\t\t\t\t<h4 class=\"woodmart-title-container title wd-fontsize-xxl\">We shape innovation and perfect production!<\/h4> \n\t\t\t\t\t\t\t<\/div>\n\n\t\t\t\t\t<\/div>\n\t\t\t\t\t\t<\/div>\n\t\t\t\t<\/div>\n\t\t\t\t<div class=\"elementor-element elementor-element-66e47ad elementor-widget elementor-widget-wd_text_block\" data-id=\"66e47ad\" data-element_type=\"widget\" data-widget_type=\"wd_text_block.default\">\n\t\t\t\t<div class=\"elementor-widget-container\">\n\t\t\t\t\t\t\t<div class=\"wd-text-block reset-last-child text-left\">\n\t\t\t\n\t\t\t<p class=\"translation-block\">As Novmold Medical Mold Plastic Industry and Trade Co. Ltd., we specialize in <strong>plastic and aluminum mold production, 3D design, injection molding production, and medical spare parts production.<\/strong> We make a difference in the industry with our <strong>innovative solutions, strong engineering infrastructure, and state-of-the-art production facilities.<\/strong><\/p><p class=\"translation-block\">Since the day we were founded, we have continued to grow on a global scale by offering solutions to our customers in 22 different countries. Thanks to our understanding of quality production, the importance we attach to customer satisfaction, and our structure open to continuous improvement, we have succeeded in becoming a reliable business partner in the sector.<\/p>\n\t\t\t\t\t<\/div>\n\t\t\t\t\t\t<\/div>\n\t\t\t\t<\/div>\n\t\t<div class=\"elementor-element elementor-element-3eef7d8 e-con-full e-flex e-con e-child\" data-id=\"3eef7d8\" data-element_type=\"container\">\n\t\t\t\t<div class=\"elementor-element elementor-element-cee0b0c elementor-widget__width-auto elementor-widget elementor-widget-wd_text_block\" data-id=\"cee0b0c\" data-element_type=\"widget\" data-widget_type=\"wd_text_block.default\">\n\t\t\t\t<div class=\"elementor-widget-container\">\n\t\t\t\t\t\t\t<div class=\"wd-text-block reset-last-child text-left\">\n\t\t\t\n\t\t\t<p><strong><em>Novmold \u2013 Medical Mold Plastic Trade and Industry Limited Company @ 2025<\/em><\/strong><\/p>\n\t\t\t\t\t<\/div>\n\t\t\t\t\t\t<\/div>\n\t\t\t\t<\/div>\n\t\t\t\t<\/div>\n\t\t\t\t<\/div>\n\t\t<div class=\"elementor-element elementor-element-e7cb5cd e-con-full e-flex e-con e-child\" data-id=\"e7cb5cd\" data-element_type=\"container\">\n\t\t\t\t<div class=\"elementor-element elementor-element-56aec39 elementor-widget elementor-widget-wd_image_or_svg\" data-id=\"56aec39\" data-element_type=\"widget\" data-widget_type=\"wd_image_or_svg.default\">\n\t\t\t\t<div class=\"elementor-widget-container\">\n\t\t\t\t\t\n\t\t<div class=\"wd-image text-left\">\n\t\t\t\t\t\t\t\t<img fetchpriority=\"high\" decoding=\"async\" width=\"2200\" height=\"1572\" src=\"https:\/\/novmold.com\/wp-content\/uploads\/2025\/02\/mockup-logo.webp\" class=\"attachment-full size-full\" alt=\"Logo Mockup | Novmod Medikal\" srcset=\"https:\/\/novmold.com\/wp-content\/uploads\/2025\/02\/mockup-logo.webp 2200w, https:\/\/novmold.com\/wp-content\/uploads\/2025\/02\/mockup-logo-400x286.webp 400w, https:\/\/novmold.com\/wp-content\/uploads\/2025\/02\/mockup-logo-1120x800.webp 1120w, https:\/\/novmold.com\/wp-content\/uploads\/2025\/02\/mockup-logo-768x549.webp 768w, https:\/\/novmold.com\/wp-content\/uploads\/2025\/02\/mockup-logo-1536x1098.webp 1536w, https:\/\/novmold.com\/wp-content\/uploads\/2025\/02\/mockup-logo-2048x1463.webp 2048w\" sizes=\"(max-width: 2200px) 100vw, 2200px\" title=\"\">\t\t\t\t\t<\/div>\n\n\t\t\t\t\t\t<\/div>\n\t\t\t\t<\/div>\n\t\t\t\t<\/div>\n\t\t\t\t\t<\/div>\n\t\t\t\t<\/div>\n\t\t<div class=\"wd-negative-gap elementor-element elementor-element-91af1fa wd-section-stretch e-flex e-con-boxed e-con e-parent\" data-id=\"91af1fa\" data-element_type=\"container\" data-settings=\"{&quot;background_background&quot;:&quot;classic&quot;}\">\n\t\t\t\t\t<div class=\"e-con-inner\">\n\t\t<div class=\"wd-negative-gap elementor-element elementor-element-313f4d4 e-flex e-con-boxed e-con e-child\" data-id=\"313f4d4\" data-element_type=\"container\">\n\t\t\t\t\t<div class=\"e-con-inner\">\n\t\t<div class=\"elementor-element elementor-element-268706a e-con-full e-flex e-con e-child\" data-id=\"268706a\" data-element_type=\"container\">\n\t\t\t\t<div class=\"elementor-element elementor-element-107328fa ekit-equal-height-disable elementor-widget elementor-widget-elementskit-icon-box\" data-id=\"107328fa\" data-element_type=\"widget\" data-widget_type=\"elementskit-icon-box.default\">\n\t\t\t\t<div class=\"elementor-widget-container\">\n\t\t\t\t\t<div class=\"ekit-wid-con\" >        <!-- link opening -->\n                <a href=\"#\" class=\"ekit_global_links\">\n                <!-- end link opening -->\n\n        <div class=\"elementskit-infobox text- text- icon-lef-right-aligin elementor-animation-\">\n                        <div class=\"box-body\">\n                            <h3 class=\"elementskit-info-box-title\">\n                    Our Mission                <\/h3>\n                        \t\t  \t<p>To contribute to the success of our customers by offering the best solutions to the needs of the sector and with our understanding of quality and reliable production.<\/p>\n                                <\/div>\n        \n        \n                <\/div>\n                <\/a>\n        <\/div>\t\t\t\t<\/div>\n\t\t\t\t<\/div>\n\t\t\t\t<\/div>\n\t\t<div class=\"elementor-element elementor-element-7bb51f7 e-con-full e-flex e-con e-child\" data-id=\"7bb51f7\" data-element_type=\"container\">\n\t\t\t\t<div class=\"elementor-element elementor-element-4b1de3c8 ekit-equal-height-disable elementor-widget elementor-widget-elementskit-icon-box\" data-id=\"4b1de3c8\" data-element_type=\"widget\" data-widget_type=\"elementskit-icon-box.default\">\n\t\t\t\t<div class=\"elementor-widget-container\">\n\t\t\t\t\t<div class=\"ekit-wid-con\" >        <!-- link opening -->\n                <a href=\"#\" class=\"ekit_global_links\">\n                <!-- end link opening -->\n\n        <div class=\"elementskit-infobox text- text- icon-lef-right-aligin elementor-animation-\">\n                        <div class=\"box-body\">\n                            <h3 class=\"elementskit-info-box-title\">\n                    Our vision                <\/h3>\n                        \t\t  \t<p>To be a leading and preferred brand in the global market by using innovative technologies in the field of mold and injection production.<\/p>\n                                <\/div>\n        \n        \n                <\/div>\n                <\/a>\n        <\/div>\t\t\t\t<\/div>\n\t\t\t\t<\/div>\n\t\t\t\t<\/div>\n\t\t\t\t\t<\/div>\n\t\t\t\t<\/div>\n\t\t\t\t\t<\/div>\n\t\t\t\t<\/div>\n\t\t<div class=\"elementor-element elementor-element-a85b302 e-con-full e-flex e-con e-parent\" data-id=\"a85b302\" data-element_type=\"container\">\n\t\t\t\t<div class=\"elementor-element elementor-element-b618cd9 wd-width-100 elementor-widget elementor-widget-wd_title\" data-id=\"b618cd9\" data-element_type=\"widget\" data-widget_type=\"wd_title.default\">\n\t\t\t\t<div class=\"elementor-widget-container\">\n\t\t\t\t\t\t\t<div class=\"title-wrapper wd-set-mb reset-last-child wd-title-color-default wd-title-style-default wd-title-size-large text-center\">\n\n\t\t\t\n\t\t\t<div class=\"liner-continer\">\n\t\t\t\t<h4 class=\"woodmart-title-container title wd-fontsize-xxl\">Our certificates<\/h4> \n\t\t\t\t\t\t\t<\/div>\n\n\t\t\t\t\t\t\t<div class=\"title-after_title reset-last-child wd-fontsize-s\">\n\t\t\t\t\t<p class=\"translation-block\">We adhere to <strong>international quality standards<\/strong> in our production processes. Our certifications demonstrate our <strong>reliable, durable, and high-quality production approach<\/strong>.<\/p>\t\t\t\t<\/div>\n\t\t\t\t\t<\/div>\n\t\t\t\t\t\t<\/div>\n\t\t\t\t<\/div>\n\t\t\t\t<div class=\"elementor-element elementor-element-12bdd3b gallery-spacing-custom elementor-widget elementor-widget-image-gallery\" data-id=\"12bdd3b\" data-element_type=\"widget\" data-widget_type=\"image-gallery.default\">\n\t\t\t\t<div class=\"elementor-widget-container\">\n\t\t\t\t\t\t\t<div class=\"elementor-image-gallery\">\n\t\t\t\t\t<\/div>\n\t\t\t\t\t\t<\/div>\n\t\t\t\t<\/div>\n\t\t\t\t<\/div>\n\t\t\t\t<\/div>","protected":false},"excerpt":{"rendered":"<p>Yenili\u011fi \u015eekillendiriyoruz, \u00dcretimi M\u00fckemmelle\u015ftiriyoruz! Novmold Medikal Kal\u0131p Plastik Sanayi ve Ticaret Ltd. \u015eti. olarak,\u00a0plastik ve al\u00fcminyum kal\u0131p \u00fcretimi, 3D tasar\u0131m,<\/p>","protected":false},"author":1,"featured_media":0,"parent":0,"menu_order":0,"comment_status":"closed","ping_status":"closed","template":"","meta":{"footnotes":""},"class_list":["post-4400","page","type-page","status-publish","hentry"],"_links":{"self":[{"href":"https:\/\/novmold.com\/en\/wp-json\/wp\/v2\/pages\/4400","targetHints":{"allow":["GET"]}}],"collection":[{"href":"https:\/\/novmold.com\/en\/wp-json\/wp\/v2\/pages"}],"about":[{"href":"https:\/\/novmold.com\/en\/wp-json\/wp\/v2\/types\/page"}],"author":[{"embeddable":true,"href":"https:\/\/novmold.com\/en\/wp-json\/wp\/v2\/users\/1"}],"replies":[{"embeddable":true,"href":"https:\/\/novmold.com\/en\/wp-json\/wp\/v2\/comments?post=4400"}],"version-history":[{"count":0,"href":"https:\/\/novmold.com\/en\/wp-json\/wp\/v2\/pages\/4400\/revisions"}],"wp:attachment":[{"href":"https:\/\/novmold.com\/en\/wp-json\/wp\/v2\/media?parent=4400"}],"curies":[{"name":"wp","href":"https:\/\/api.w.org\/{rel}","templated":true}]}}